{"id":2704,"date":"2024-08-30T11:14:50","date_gmt":"2024-08-30T17:14:50","guid":{"rendered":"https:\/\/cener.com.mx\/webcener\/?page_id=2704"},"modified":"2024-09-18T17:24:39","modified_gmt":"2024-09-18T23:24:39","slug":"noticias-relevantes","status":"publish","type":"page","link":"https:\/\/cener.com.mx\/webcener\/noticias-relevantes\/","title":{"rendered":"Noticias relevantes"},"content":{"rendered":"<div id='full_slider_1'  class='avia-fullwidth-slider main_color avia-shadow   avia-builder-el-0  el_before_av_section  avia-builder-el-first   container_wrap sidebar_right'  >\n<style type=\"text\/css\" data-created_by=\"avia_inline_auto\" id=\"style-css-av-m18el2v3-84dddaee71ed96ccb9d82ba0f38d9be2\">\n#top .avia-slideshow .av-slideshow-caption.av-m18el2v3-84dddaee71ed96ccb9d82ba0f38d9be2__0 .avia-caption-content{\nfont-size:29px;\n}\n#top .avia-slideshow .av-slideshow-caption.av-m18el2v3-84dddaee71ed96ccb9d82ba0f38d9be2__0 .avia-caption-content p{\nfont-size:29px;\n}\n<\/style>\n<div  class='avia-slideshow av-m18el2v3-84dddaee71ed96ccb9d82ba0f38d9be2 avia-slideshow-no scaling av_slideshow_full avia-slide-slider av-slideshow-ui av-control-default av-slideshow-manual av-loop-once av-loop-manual-endless av-default-height-applied   avia-slideshow-1' data-slideshow-options=\"{&quot;animation&quot;:&quot;slide&quot;,&quot;autoplay&quot;:false,&quot;loop_autoplay&quot;:&quot;once&quot;,&quot;interval&quot;:5,&quot;loop_manual&quot;:&quot;manual-endless&quot;,&quot;autoplay_stopper&quot;:false,&quot;noNavigation&quot;:false,&quot;bg_slider&quot;:false,&quot;keep_padding&quot;:false,&quot;hoverpause&quot;:false,&quot;show_slide_delay&quot;:0}\"  itemprop=\"image\" itemscope=\"itemscope\" itemtype=\"https:\/\/schema.org\/ImageObject\" ><ul class='avia-slideshow-inner ' style='padding-bottom: 38.888888888889%;'><li  class='avia-slideshow-slide av-m18el2v3-84dddaee71ed96ccb9d82ba0f38d9be2__0  av-single-slide slide-1 slide-odd'><div data-rel='slideshow-1' class='avia-slide-wrap '   ><div class='av-slideshow-caption av-m18el2v3-84dddaee71ed96ccb9d82ba0f38d9be2__0 caption_fullwidth caption_bottom'><div class=\"container caption_container\"><div class=\"slideshow_caption\"><div class=\"slideshow_inner_caption\"><div class=\"slideshow_align_caption\"><h2 class='avia-caption-title '  itemprop=\"name\" >Ent\u00e9rate de la ultimas noticias m\u00e1s reelevantes<\/h2><div class='avia-caption-content '  itemprop=\"description\" ><p>EN EL SECTOR ENERG\u00c9TICO<\/p>\n<\/div><\/div><\/div><\/div><\/div><\/div><img fetchpriority=\"high\" class=\"wp-image-2899 avia-img-lazy-loading-not-2899\"  src='https:\/\/cener.com.mx\/webcener\/wp-content\/uploads\/noticias-cener.png' width='1800' height='700' title='noticias cener' alt=''  itemprop=\"thumbnailUrl\"   \/><\/div><\/li><\/ul><\/div><\/div>\n<div id='av_section_1'  class='avia-section av-5sdcds-2698c1f76df6d034eb93f2a64e2a9a85 main_color avia-section-default avia-no-border-styling  avia-builder-el-1  el_after_av_slideshow_full  avia-builder-el-last  avia-bg-style-scroll container_wrap sidebar_right'  ><div class='container av-section-cont-open' ><div class='template-page content  av-content-small alpha units'><div class='post-entry post-entry-type-page post-entry-2704'><div class='entry-content-wrapper clearfix'>\n<section  class='av_textblock_section av-m18fz9mp-f43f205f36ad6b707d563d38056ce122 '   itemscope=\"itemscope\" itemtype=\"https:\/\/schema.org\/CreativeWork\" ><div class='avia_textblock'  itemprop=\"text\" ><h1 style=\"text-align: center;\">LO QUE TIENES QUE SABER EN EL SECTOR EL\u00c9CTRICO<\/h1>\n<\/div><\/section>\n<div  class='flex_column av-49ke5c-e94aed9a99912302f299ac4951ee06a5 av_one_half  avia-builder-el-3  el_after_av_textblock  el_before_av_one_half  first flex_column_div  column-top-margin'     ><p><div  class='avia-video av-m18fvpf2-29501951151201dfa8f75b26cec124a3 avia-video-16-9 av-no-preview-image avia-video-load-always av-lazyload-immediate av-lazyload-video-embed'  itemprop=\"video\" itemtype=\"https:\/\/schema.org\/VideoObject\"  data-original_url='https:\/\/youtu.be\/wGBV7tNbHG4?si=GiDjHTlB1cUaz_Xq'><script type='text\/html' class='av-video-tmpl'><a href=\"https:\/\/youtu.be\/wGBV7tNbHG4?si=GiDjHTlB1cUaz_Xq\">https:\/\/youtu.be\/wGBV7tNbHG4?si=GiDjHTlB1cUaz_Xq<\/a><\/script><div class='av-click-to-play-overlay'><div class=\"avia_playpause_icon\"><\/div><\/div><\/div><br \/>\n<section  class='av_textblock_section av-m18g1kid-b92a4dbf7657327a612981e02e29a0b3 '   itemscope=\"itemscope\" itemtype=\"https:\/\/schema.org\/CreativeWork\" ><div class='avia_textblock'  itemprop=\"text\" ><h2 style=\"text-align: center;\">C\u00f3digo de Red Inician las Inspecciones<\/h2>\n<\/div><\/section><\/p><\/div><div  class='flex_column av-5wglb4-1614a679bfea77bd635e8eea6527a2a1 av_one_half  avia-builder-el-6  el_after_av_one_half  el_before_av_one_half  flex_column_div  column-top-margin'     ><p><div  class='avia-video av-m18ga7bi-656679bca2decf624c81270cabdc087a avia-video-16-9 av-no-preview-image avia-video-load-always av-lazyload-immediate av-lazyload-video-embed'  itemprop=\"video\" itemtype=\"https:\/\/schema.org\/VideoObject\"  data-original_url='https:\/\/www.youtube.com\/live\/FG9wUBFKN2E?si=alm0f8WOgTvtImkS'><script type='text\/html' class='av-video-tmpl'><div class='avia-iframe-wrap'><iframe loading=\"lazy\" title=\"Bienvenidos a Mundo Sustentable\" width=\"1500\" height=\"844\" src=\"https:\/\/www.youtube.com\/embed\/FG9wUBFKN2E?feature=oembed&autoplay=0&loop=0&controls=1&mute=0\" frameborder=\"0\" allow=\"accelerometer; autoplay; clipboard-write; encrypted-media; gyroscope; picture-in-picture; web-share\" referrerpolicy=\"strict-origin-when-cross-origin\" allowfullscreen><\/iframe><\/div><\/script><div class='av-click-to-play-overlay'><div class=\"avia_playpause_icon\"><\/div><\/div><\/div><br \/>\n<section  class='av_textblock_section av-m18gbdow-f767b40473f497cabfe39be143e0d968 '   itemscope=\"itemscope\" itemtype=\"https:\/\/schema.org\/CreativeWork\" ><div class='avia_textblock'  itemprop=\"text\" ><h2 style=\"text-align: center;\">CONOCE LOS BENEFICIOS DEL C\u00d3DIGO DE RED, ASI COMO MULTAS POR INCUMPLIMIENTO<\/h2>\n<\/div><\/section><\/p><\/div><div  class='flex_column av-4dhuqo-f22aef3a61f35c31cdda69fbd6650afb av_one_half  avia-builder-el-9  el_after_av_one_half  el_before_av_one_half  first flex_column_div  column-top-margin'     ><p><div  class='avia-video av-m18g4ve4-5510700a00d2c067d2587ccafc733311 avia-video-16-9 av-no-preview-image avia-video-load-always av-lazyload-immediate av-lazyload-video-embed'  itemprop=\"video\" itemtype=\"https:\/\/schema.org\/VideoObject\"  data-original_url='https:\/\/www.youtube.com\/live\/Pn4Xd9uZvXM?si=YyCDsXKKuB7J1IfT'><script type='text\/html' class='av-video-tmpl'><div class='avia-iframe-wrap'><iframe loading=\"lazy\" title=\"C\u00f3digo de Red; qui\u00e9n y c\u00f3mo deben cumplir con esta disposici\u00f3n obligatoria | CENER INGENIER\u00cdA\" width=\"1500\" height=\"844\" src=\"https:\/\/www.youtube.com\/embed\/Pn4Xd9uZvXM?feature=oembed&autoplay=0&loop=0&controls=1&mute=0\" frameborder=\"0\" allow=\"accelerometer; autoplay; clipboard-write; encrypted-media; gyroscope; picture-in-picture; web-share\" referrerpolicy=\"strict-origin-when-cross-origin\" allowfullscreen><\/iframe><\/div><\/script><div class='av-click-to-play-overlay'><div class=\"avia_playpause_icon\"><\/div><\/div><\/div><br \/>\n<section  class='av_textblock_section av-m18g5zeg-d243b421539d8d73aa37090fa1a5e34a '   itemscope=\"itemscope\" itemtype=\"https:\/\/schema.org\/CreativeWork\" ><div class='avia_textblock'  itemprop=\"text\" ><h2 style=\"text-align: center;\">QUIEN Y COMO SE DEBE COMPLIR CON ESTA DISPOSICI\u00d3N OBLIGATORIA<\/h2>\n<\/div><\/section><\/p><\/div><div  class='flex_column av-1zyi9c-b08d306839cfbe536b07a33f721a2fa9 av_one_half  avia-builder-el-12  el_after_av_one_half  avia-builder-el-last  flex_column_div  column-top-margin'     ><p><div  class='avia-video av-m18g7k62-1a811f8423b54bb0a4b775a4f26ea97a avia-video-16-9 av-no-preview-image avia-video-load-always av-lazyload-immediate av-lazyload-video-embed'  itemprop=\"video\" itemtype=\"https:\/\/schema.org\/VideoObject\"  data-original_url='https:\/\/youtu.be\/GXE1tY3MCZw?si=I7pPtU9syAipyheC'><script type='text\/html' class='av-video-tmpl'><div class='avia-iframe-wrap'><iframe loading=\"lazy\" title=\"C\u00f3digo de Red; quien y como deben cumplir con esta disposici\u00f3n obligatoria | CENER INGENIER\u00cdA\" width=\"1500\" height=\"844\" src=\"https:\/\/www.youtube.com\/embed\/GXE1tY3MCZw?feature=oembed&autoplay=0&loop=0&controls=1&mute=0\" frameborder=\"0\" allow=\"accelerometer; autoplay; clipboard-write; encrypted-media; gyroscope; picture-in-picture; web-share\" referrerpolicy=\"strict-origin-when-cross-origin\" allowfullscreen><\/iframe><\/div><\/script><div class='av-click-to-play-overlay'><div class=\"avia_playpause_icon\"><\/div><\/div><\/div><br \/>\n<section  class='av_textblock_section av-m18g88bc-643759152b2181f2cbed79331e6b94e5 '   itemscope=\"itemscope\" itemtype=\"https:\/\/schema.org\/CreativeWork\" ><div class='avia_textblock'  itemprop=\"text\" ><h2 style=\"text-align: center;\">REQUERIMIENTOS T\u00c9CNICOS Y COMO CUMPLIRLOS<\/h2>\n<\/div><\/section><\/p><\/div>\n<\/div><\/div><\/div><!-- close content main div --><\/div><\/div><div id='after_section_1'  class='main_color av_default_container_wrap container_wrap sidebar_right'  ><div class='container av-section-cont-open' ><div class='template-page content  av-content-small alpha units'><div class='post-entry post-entry-type-page post-entry-2704'><div class='entry-content-wrapper clearfix'>\n","protected":false},"excerpt":{"rendered":"","protected":false},"author":4,"featured_media":0,"parent":0,"menu_order":0,"comment_status":"closed","ping_status":"closed","template":"","meta":{"footnotes":""},"class_list":["post-2704","page","type-page","status-publish","hentry"],"yoast_head":"<!-- This site is optimized with the Yoast SEO plugin v23.3 - https:\/\/yoast.com\/wordpress\/plugins\/seo\/ -->\n<title>Noticias relevantes - CENER website<\/title>\n<meta name=\"robots\" content=\"index, follow, max-snippet:-1, max-image-preview:large, max-video-preview:-1\" \/>\n<link rel=\"canonical\" href=\"https:\/\/cener.com.mx\/webcener\/noticias-relevantes\/\" \/>\n<meta property=\"og:locale\" content=\"es_MX\" \/>\n<meta property=\"og:type\" content=\"article\" \/>\n<meta property=\"og:title\" content=\"Noticias relevantes - CENER website\" \/>\n<meta property=\"og:url\" content=\"https:\/\/cener.com.mx\/webcener\/noticias-relevantes\/\" \/>\n<meta property=\"og:site_name\" content=\"CENER website\" \/>\n<meta property=\"article:modified_time\" content=\"2024-09-18T23:24:39+00:00\" \/>\n<meta name=\"twitter:card\" content=\"summary_large_image\" \/>\n<meta name=\"twitter:label1\" content=\"Tiempo de lectura\" \/>\n\t<meta name=\"twitter:data1\" content=\"1 minuto\" \/>\n<script type=\"application\/ld+json\" class=\"yoast-schema-graph\">{\"@context\":\"https:\/\/schema.org\",\"@graph\":[{\"@type\":\"WebPage\",\"@id\":\"https:\/\/cener.com.mx\/webcener\/noticias-relevantes\/\",\"url\":\"https:\/\/cener.com.mx\/webcener\/noticias-relevantes\/\",\"name\":\"Noticias relevantes - CENER website\",\"isPartOf\":{\"@id\":\"https:\/\/cener.com.mx\/webcener\/#website\"},\"datePublished\":\"2024-08-30T17:14:50+00:00\",\"dateModified\":\"2024-09-18T23:24:39+00:00\",\"breadcrumb\":{\"@id\":\"https:\/\/cener.com.mx\/webcener\/noticias-relevantes\/#breadcrumb\"},\"inLanguage\":\"es\",\"potentialAction\":[{\"@type\":\"ReadAction\",\"target\":[\"https:\/\/cener.com.mx\/webcener\/noticias-relevantes\/\"]}]},{\"@type\":\"BreadcrumbList\",\"@id\":\"https:\/\/cener.com.mx\/webcener\/noticias-relevantes\/#breadcrumb\",\"itemListElement\":[{\"@type\":\"ListItem\",\"position\":1,\"name\":\"Inicio\",\"item\":\"https:\/\/cener.com.mx\/webcener\/\"},{\"@type\":\"ListItem\",\"position\":2,\"name\":\"Noticias relevantes\"}]},{\"@type\":\"WebSite\",\"@id\":\"https:\/\/cener.com.mx\/webcener\/#website\",\"url\":\"https:\/\/cener.com.mx\/webcener\/\",\"name\":\"CENER website\",\"description\":\"CONSTRUCCIONES EL\u00c9CTRICAS, CALIDAD Y EFICIENCIA ENERG\u00c9TICA, S.A. DE C.V.\",\"potentialAction\":[{\"@type\":\"SearchAction\",\"target\":{\"@type\":\"EntryPoint\",\"urlTemplate\":\"https:\/\/cener.com.mx\/webcener\/?s={search_term_string}\"},\"query-input\":\"required name=search_term_string\"}],\"inLanguage\":\"es\"}]}<\/script>\n<!-- \/ Yoast SEO plugin. -->","yoast_head_json":{"title":"Noticias relevantes - CENER website","robots":{"index":"index","follow":"follow","max-snippet":"max-snippet:-1","max-image-preview":"max-image-preview:large","max-video-preview":"max-video-preview:-1"},"canonical":"https:\/\/cener.com.mx\/webcener\/noticias-relevantes\/","og_locale":"es_MX","og_type":"article","og_title":"Noticias relevantes - CENER website","og_url":"https:\/\/cener.com.mx\/webcener\/noticias-relevantes\/","og_site_name":"CENER website","article_modified_time":"2024-09-18T23:24:39+00:00","twitter_card":"summary_large_image","twitter_misc":{"Tiempo de lectura":"1 minuto"},"schema":{"@context":"https:\/\/schema.org","@graph":[{"@type":"WebPage","@id":"https:\/\/cener.com.mx\/webcener\/noticias-relevantes\/","url":"https:\/\/cener.com.mx\/webcener\/noticias-relevantes\/","name":"Noticias relevantes - CENER website","isPartOf":{"@id":"https:\/\/cener.com.mx\/webcener\/#website"},"datePublished":"2024-08-30T17:14:50+00:00","dateModified":"2024-09-18T23:24:39+00:00","breadcrumb":{"@id":"https:\/\/cener.com.mx\/webcener\/noticias-relevantes\/#breadcrumb"},"inLanguage":"es","potentialAction":[{"@type":"ReadAction","target":["https:\/\/cener.com.mx\/webcener\/noticias-relevantes\/"]}]},{"@type":"BreadcrumbList","@id":"https:\/\/cener.com.mx\/webcener\/noticias-relevantes\/#breadcrumb","itemListElement":[{"@type":"ListItem","position":1,"name":"Inicio","item":"https:\/\/cener.com.mx\/webcener\/"},{"@type":"ListItem","position":2,"name":"Noticias relevantes"}]},{"@type":"WebSite","@id":"https:\/\/cener.com.mx\/webcener\/#website","url":"https:\/\/cener.com.mx\/webcener\/","name":"CENER website","description":"CONSTRUCCIONES EL\u00c9CTRICAS, CALIDAD Y EFICIENCIA ENERG\u00c9TICA, S.A. DE C.V.","potentialAction":[{"@type":"SearchAction","target":{"@type":"EntryPoint","urlTemplate":"https:\/\/cener.com.mx\/webcener\/?s={search_term_string}"},"query-input":"required name=search_term_string"}],"inLanguage":"es"}]}},"_links":{"self":[{"href":"https:\/\/cener.com.mx\/webcener\/wp-json\/wp\/v2\/pages\/2704","targetHints":{"allow":["GET"]}}],"collection":[{"href":"https:\/\/cener.com.mx\/webcener\/wp-json\/wp\/v2\/pages"}],"about":[{"href":"https:\/\/cener.com.mx\/webcener\/wp-json\/wp\/v2\/types\/page"}],"author":[{"embeddable":true,"href":"https:\/\/cener.com.mx\/webcener\/wp-json\/wp\/v2\/users\/4"}],"replies":[{"embeddable":true,"href":"https:\/\/cener.com.mx\/webcener\/wp-json\/wp\/v2\/comments?post=2704"}],"version-history":[{"count":9,"href":"https:\/\/cener.com.mx\/webcener\/wp-json\/wp\/v2\/pages\/2704\/revisions"}],"predecessor-version":[{"id":2898,"href":"https:\/\/cener.com.mx\/webcener\/wp-json\/wp\/v2\/pages\/2704\/revisions\/2898"}],"wp:attachment":[{"href":"https:\/\/cener.com.mx\/webcener\/wp-json\/wp\/v2\/media?parent=2704"}],"curies":[{"name":"wp","href":"https:\/\/api.w.org\/{rel}","templated":true}]}}