{"id":2872,"date":"2024-09-06T14:02:02","date_gmt":"2024-09-06T20:02:02","guid":{"rendered":"https:\/\/cener.com.mx\/webcener\/?page_id=2872"},"modified":"2024-09-13T17:56:21","modified_gmt":"2024-09-13T23:56:21","slug":"proteccion-contra-tormentas-electricas","status":"publish","type":"page","link":"https:\/\/cener.com.mx\/webcener\/proteccion-contra-tormentas-electricas\/","title":{"rendered":"PROTECCI\u00d3N CONTRA TORMENTAS EL\u00c9CTRICAS"},"content":{"rendered":"<div id='full_slider_1'  class='avia-fullwidth-slider main_color avia-shadow   avia-builder-el-0  el_before_av_section  avia-builder-el-first   container_wrap sidebar_right'  >\n<style type=\"text\/css\" data-created_by=\"avia_inline_auto\" id=\"style-css-av-m0wv2a8s-4a3c80496f1ad8c746d3f6c60a6b2888\">\n#top #wrap_all .avia-slideshow .av-slideshow-caption.av-m0wv2a8s-4a3c80496f1ad8c746d3f6c60a6b2888__0 .avia-caption-title{\ncolor:#ffffff;\n}\n#top .avia-slideshow .av-slideshow-caption.av-m0wv2a8s-4a3c80496f1ad8c746d3f6c60a6b2888__0 .avia-caption-content{\nfont-size:28px;\ncolor:#ffffff;\n}\n#top .avia-slideshow .av-slideshow-caption.av-m0wv2a8s-4a3c80496f1ad8c746d3f6c60a6b2888__0 .avia-caption-content p{\nfont-size:28px;\n}\n<\/style>\n<div  class='avia-slideshow av-m0wv2a8s-4a3c80496f1ad8c746d3f6c60a6b2888 avia-slideshow-featured av_slideshow_full avia-slide-slider av-slideshow-ui av-control-default av-slideshow-manual av-loop-once av-loop-manual-endless av-default-height-applied   avia-slideshow-1' data-slideshow-options=\"{&quot;animation&quot;:&quot;slide&quot;,&quot;autoplay&quot;:false,&quot;loop_autoplay&quot;:&quot;once&quot;,&quot;interval&quot;:5,&quot;loop_manual&quot;:&quot;manual-endless&quot;,&quot;autoplay_stopper&quot;:false,&quot;noNavigation&quot;:false,&quot;bg_slider&quot;:false,&quot;keep_padding&quot;:false,&quot;hoverpause&quot;:false,&quot;show_slide_delay&quot;:0}\"  itemprop=\"image\" itemscope=\"itemscope\" itemtype=\"https:\/\/schema.org\/ImageObject\" ><ul class='avia-slideshow-inner ' style='padding-bottom: 41.176470588235%;'><li  class='avia-slideshow-slide av-m0wv2a8s-4a3c80496f1ad8c746d3f6c60a6b2888__0  av-single-slide slide-1 slide-odd'><div data-rel='slideshow-1' class='avia-slide-wrap '   ><div class='av-slideshow-caption av-m0wv2a8s-4a3c80496f1ad8c746d3f6c60a6b2888__0 caption_fullwidth caption_bottom'><div class=\"container caption_container\"><div class=\"slideshow_caption\"><div class=\"slideshow_inner_caption\"><div class=\"slideshow_align_caption\"><h2 class='avia-caption-title '  itemprop=\"name\" >PARARRAYOS SENTINEL.<\/h2><div class='avia-caption-content av_inherit_color'  itemprop=\"description\" ><p>LIDER EN PROTECCI\u00d3N CONTRA TORMENTAS EL\u00c9CTRICAS<\/p>\n<\/div><\/div><\/div><\/div><\/div><\/div><img fetchpriority=\"high\" class=\"wp-image-2884 avia-img-lazy-loading-not-2884\"  src='https:\/\/cener.com.mx\/webcener\/wp-content\/uploads\/tormenta.gif' width='1020' height='420' title='tormenta' alt=''  itemprop=\"thumbnailUrl\"   \/><\/div><\/li><\/ul><\/div><\/div>\n\n<style type=\"text\/css\" data-created_by=\"avia_inline_auto\" id=\"style-css-av-2wkmwo-b9d23fd07ca9a3024cbabd79e5773281\">\n.avia-section.av-2wkmwo-b9d23fd07ca9a3024cbabd79e5773281{\nbackground-color:#f4f4f4;\nbackground-image:unset;\n}\n<\/style>\n<div id='av_section_1'  class='avia-section av-2wkmwo-b9d23fd07ca9a3024cbabd79e5773281 main_color avia-section-default avia-no-border-styling  avia-builder-el-1  el_after_av_slideshow_full  el_before_av_section  avia-bg-style-scroll container_wrap sidebar_right'  ><div class='container av-section-cont-open' ><div class='template-page content  av-content-small alpha units'><div class='post-entry post-entry-type-page post-entry-2872'><div class='entry-content-wrapper clearfix'>\n<section  class='av_textblock_section av-m0x19s75-2258c932a22062cb1c42ec6b7172abc3 '   itemscope=\"itemscope\" itemtype=\"https:\/\/schema.org\/CreativeWork\" ><div class='avia_textblock'  itemprop=\"text\" ><h1 style=\"text-align: center;\">CRITERIOS NORMATIVOS<\/h1>\n<h3 style=\"text-align: center;\">SISTEMA DE PROTECCI\u00d3N CONTRA TORMENTAS EL\u00c9CTRICAS \u201cSPTE\u201d<\/h3>\n<\/div><\/section>\n\n<\/div><\/div><\/div><!-- close content main div --><\/div><\/div><div id='av_section_2'  class='avia-section av-4c3pbc-cecaad73158695dd0b847a716a064199 main_color avia-section-default avia-no-border-styling  avia-builder-el-3  el_after_av_section  el_before_av_section  avia-bg-style-scroll container_wrap sidebar_right'  ><div class='container av-section-cont-open' ><div class='template-page content  av-content-small alpha units'><div class='post-entry post-entry-type-page post-entry-2872'><div class='entry-content-wrapper clearfix'>\n\n<style type=\"text\/css\" data-created_by=\"avia_inline_auto\" id=\"style-css-av-m0x14it8-6a1a4dd62c35a4599fc5316c34c03069\">\n.avia-image-container.av-m0x14it8-6a1a4dd62c35a4599fc5316c34c03069 img.avia_image{\nbox-shadow:none;\n}\n.avia-image-container.av-m0x14it8-6a1a4dd62c35a4599fc5316c34c03069 .av-image-caption-overlay-center{\ncolor:#ffffff;\n}\n<\/style>\n<div  class='avia-image-container av-m0x14it8-6a1a4dd62c35a4599fc5316c34c03069 av-styling- avia-align-center  avia-builder-el-4  avia-builder-el-no-sibling '   itemprop=\"image\" itemscope=\"itemscope\" itemtype=\"https:\/\/schema.org\/ImageObject\" ><div class=\"avia-image-container-inner\"><div class=\"avia-image-overlay-wrap\"><img fetchpriority=\"high\" class='wp-image-2886 avia-img-lazy-loading-not-2886 avia_image ' src='https:\/\/cener.com.mx\/webcener\/wp-content\/uploads\/ley-de-infra.png' alt='' title='ley de infra'  height=\"1000\" width=\"1700\"  itemprop=\"thumbnailUrl\"  \/><\/div><\/div><\/div>\n\n<\/div><\/div><\/div><!-- close content main div --><\/div><\/div>\n<style type=\"text\/css\" data-created_by=\"avia_inline_auto\" id=\"style-css-av-4f6iig-88cde184245562dedb68ade61c1804de\">\n.avia-section.av-4f6iig-88cde184245562dedb68ade61c1804de{\nbackground-color:#f4f4f4;\nbackground-image:unset;\n}\n<\/style>\n<div id='av_section_3'  class='avia-section av-4f6iig-88cde184245562dedb68ade61c1804de main_color avia-section-default avia-no-border-styling  avia-builder-el-5  el_after_av_section  el_before_av_section  avia-bg-style-scroll container_wrap sidebar_right'  ><div class='container av-section-cont-open' ><div class='template-page content  av-content-small alpha units'><div class='post-entry post-entry-type-page post-entry-2872'><div class='entry-content-wrapper clearfix'>\n<section  class='av_textblock_section av-m110779k-325e69e343f5a166704f0e3ed7488a5a '   itemscope=\"itemscope\" itemtype=\"https:\/\/schema.org\/CreativeWork\" ><div class='avia_textblock'  itemprop=\"text\" ><h1 style=\"text-align: center;\">DISE\u00d1O<\/h1>\n<h3 style=\"text-align: center;\">SISTEMA DE PROTECCI\u00d3N CONTRA TORMENTAS EL\u00c9CTRICAS \u201cSPTE\u201d<\/h3>\n<\/div><\/section>\n\n<\/div><\/div><\/div><!-- close content main div --><\/div><\/div><div id='av_section_4'  class='avia-section av-2gexjs-90ad57d2352d7d2b349601ad28036b91 main_color avia-section-default avia-no-border-styling  avia-builder-el-7  el_after_av_section  el_before_av_section  avia-bg-style-scroll container_wrap sidebar_right'  ><div class='container av-section-cont-open' ><div class='template-page content  av-content-small alpha units'><div class='post-entry post-entry-type-page post-entry-2872'><div class='entry-content-wrapper clearfix'>\n\n<style type=\"text\/css\" data-created_by=\"avia_inline_auto\" id=\"style-css-av-m11087l2-122f177dfd43e472877617f881bd3318\">\n.avia-image-container.av-m11087l2-122f177dfd43e472877617f881bd3318 img.avia_image{\nbox-shadow:none;\n}\n.avia-image-container.av-m11087l2-122f177dfd43e472877617f881bd3318 .av-image-caption-overlay-center{\ncolor:#ffffff;\n}\n<\/style>\n<div  class='avia-image-container av-m11087l2-122f177dfd43e472877617f881bd3318 av-styling- avia-align-center  avia-builder-el-8  avia-builder-el-no-sibling '   itemprop=\"image\" itemscope=\"itemscope\" itemtype=\"https:\/\/schema.org\/ImageObject\" ><div class=\"avia-image-container-inner\"><div class=\"avia-image-overlay-wrap\"><img fetchpriority=\"high\" class='wp-image-2893 avia-img-lazy-loading-not-2893 avia_image ' src='https:\/\/cener.com.mx\/webcener\/wp-content\/uploads\/diseno-SEPTE.png' alt='' title='dise\u00f1o SEPTE'  height=\"1000\" width=\"1700\"  itemprop=\"thumbnailUrl\"  \/><\/div><\/div><\/div>\n\n<\/div><\/div><\/div><!-- close content main div --><\/div><\/div><div id='av_section_5'  class='avia-section av-7556e0-2d5590cff34ec264d324f1c75838f23f main_color avia-section-default avia-no-border-styling  avia-builder-el-9  el_after_av_section  avia-builder-el-last  avia-bg-style-scroll container_wrap sidebar_right'  ><div class='container av-section-cont-open' ><div class='template-page content  av-content-small alpha units'><div class='post-entry post-entry-type-page post-entry-2872'><div class='entry-content-wrapper clearfix'>\n<section  class='av_textblock_section av-m11ch0it-beab6f8257767da798396ce823b6df21 '   itemscope=\"itemscope\" itemtype=\"https:\/\/schema.org\/CreativeWork\" ><div class='avia_textblock'  itemprop=\"text\" ><h1 style=\"text-align: center;\"><strong>Ensayos de Corriente<\/strong><\/h1>\n<\/div><\/section>\n<div  class='flex_column av-5sla08-8fefe013faf328cbe971a3424edcfb55 av_one_half  avia-builder-el-11  el_after_av_textblock  el_before_av_one_half  first flex_column_div  column-top-margin'     ><style type=\"text\/css\" data-created_by=\"avia_inline_auto\" id=\"style-css-av-m11bswec-02681fb042edc0f9885022f138784408\">\n.avia-image-container.av-m11bswec-02681fb042edc0f9885022f138784408 img.avia_image{\nbox-shadow:none;\n}\n.avia-image-container.av-m11bswec-02681fb042edc0f9885022f138784408 .av-image-caption-overlay-center{\ncolor:#ffffff;\n}\n<\/style>\n<div  class='avia-image-container av-m11bswec-02681fb042edc0f9885022f138784408 av-styling- avia-align-center  avia-builder-el-12  avia-builder-el-no-sibling '   itemprop=\"image\" itemscope=\"itemscope\" itemtype=\"https:\/\/schema.org\/ImageObject\" ><div class=\"avia-image-container-inner\"><div class=\"avia-image-overlay-wrap\"><img fetchpriority=\"high\" class='wp-image-2895 avia-img-lazy-loading-not-2895 avia_image ' src='https:\/\/cener.com.mx\/webcener\/wp-content\/uploads\/pruebas-de-corriente.png' alt='' title='pruebas de corriente'  height=\"600\" width=\"500\"  itemprop=\"thumbnailUrl\"  \/><\/div><\/div><\/div><\/div><div  class='flex_column av-4i9jfc-91afd571a87ff6418e0d73c84c4dc4ce av_one_half  avia-builder-el-13  el_after_av_one_half  avia-builder-el-last  flex_column_div  column-top-margin'     ><p><div  class='hr av-av_hr-91d7ccd583a503147498e120fee2ff9b hr-default  avia-builder-el-14  el_before_av_hr  avia-builder-el-first '><span class='hr-inner '><span class=\"hr-inner-style\"><\/span><\/span><\/div><br \/>\n<div  class='hr av-2eozm0-8142b032dcc15fe00daa5ff99020a864 hr-default  avia-builder-el-15  el_after_av_hr  el_before_av_textblock '><span class='hr-inner '><span class=\"hr-inner-style\"><\/span><\/span><\/div><br \/>\n<section  class='av_textblock_section av-m11bypdy-61a8adf89abec839f51767d3cbbd70a3 '   itemscope=\"itemscope\" itemtype=\"https:\/\/schema.org\/CreativeWork\" ><div class='avia_textblock'  itemprop=\"text\" ><p style=\"text-align: justify;\">El pararrayo se debe ser sometido a la prueba de corriente impulsional.. El PDC debe ser capaz de soportar un impulso de corriente tipo rayo de 100 kA, lo cual se alcanza con una forma<br \/>\nde onda impulsional de 10\/350 \u03bcs. (IEC-60060) La muestra debe someterse a 3 ensayos de impulso de corriente CONTINUOS. Para considerarse aprobada, los registros de la tensi\u00f3n\/corriente y la inspecci\u00f3n, no deben revelar ninguna indicaci\u00f3n de deterioro o perforaci\u00f3n de la muestra.<\/p>\n<\/div><\/section><\/p><\/div><\/div><\/div><\/div><!-- close content main div --><\/div><\/div><div id='after_section_5'  class='main_color av_default_container_wrap container_wrap sidebar_right'  ><div class='container av-section-cont-open' ><div class='template-page content  av-content-small alpha units'><div class='post-entry post-entry-type-page post-entry-2872'><div class='entry-content-wrapper clearfix'>\n","protected":false},"excerpt":{"rendered":"","protected":false},"author":4,"featured_media":0,"parent":0,"menu_order":0,"comment_status":"closed","ping_status":"closed","template":"","meta":{"footnotes":""},"class_list":["post-2872","page","type-page","status-publish","hentry"],"yoast_head":"<!-- This site is optimized with the Yoast SEO plugin v23.3 - https:\/\/yoast.com\/wordpress\/plugins\/seo\/ -->\n<title>PROTECCI\u00d3N CONTRA TORMENTAS EL\u00c9CTRICAS - CENER website<\/title>\n<meta name=\"robots\" content=\"index, follow, max-snippet:-1, max-image-preview:large, max-video-preview:-1\" \/>\n<link rel=\"canonical\" href=\"https:\/\/cener.com.mx\/webcener\/proteccion-contra-tormentas-electricas\/\" \/>\n<meta property=\"og:locale\" content=\"es_MX\" \/>\n<meta property=\"og:type\" content=\"article\" \/>\n<meta property=\"og:title\" content=\"PROTECCI\u00d3N CONTRA TORMENTAS EL\u00c9CTRICAS - CENER website\" \/>\n<meta property=\"og:url\" content=\"https:\/\/cener.com.mx\/webcener\/proteccion-contra-tormentas-electricas\/\" \/>\n<meta property=\"og:site_name\" content=\"CENER website\" \/>\n<meta property=\"article:modified_time\" content=\"2024-09-13T23:56:21+00:00\" \/>\n<meta name=\"twitter:card\" content=\"summary_large_image\" \/>\n<meta name=\"twitter:label1\" content=\"Tiempo de lectura\" \/>\n\t<meta name=\"twitter:data1\" content=\"2 minutos\" \/>\n<script type=\"application\/ld+json\" class=\"yoast-schema-graph\">{\"@context\":\"https:\/\/schema.org\",\"@graph\":[{\"@type\":\"WebPage\",\"@id\":\"https:\/\/cener.com.mx\/webcener\/proteccion-contra-tormentas-electricas\/\",\"url\":\"https:\/\/cener.com.mx\/webcener\/proteccion-contra-tormentas-electricas\/\",\"name\":\"PROTECCI\u00d3N CONTRA TORMENTAS EL\u00c9CTRICAS - CENER website\",\"isPartOf\":{\"@id\":\"https:\/\/cener.com.mx\/webcener\/#website\"},\"datePublished\":\"2024-09-06T20:02:02+00:00\",\"dateModified\":\"2024-09-13T23:56:21+00:00\",\"breadcrumb\":{\"@id\":\"https:\/\/cener.com.mx\/webcener\/proteccion-contra-tormentas-electricas\/#breadcrumb\"},\"inLanguage\":\"es\",\"potentialAction\":[{\"@type\":\"ReadAction\",\"target\":[\"https:\/\/cener.com.mx\/webcener\/proteccion-contra-tormentas-electricas\/\"]}]},{\"@type\":\"BreadcrumbList\",\"@id\":\"https:\/\/cener.com.mx\/webcener\/proteccion-contra-tormentas-electricas\/#breadcrumb\",\"itemListElement\":[{\"@type\":\"ListItem\",\"position\":1,\"name\":\"Inicio\",\"item\":\"https:\/\/cener.com.mx\/webcener\/\"},{\"@type\":\"ListItem\",\"position\":2,\"name\":\"PROTECCI\u00d3N CONTRA TORMENTAS EL\u00c9CTRICAS\"}]},{\"@type\":\"WebSite\",\"@id\":\"https:\/\/cener.com.mx\/webcener\/#website\",\"url\":\"https:\/\/cener.com.mx\/webcener\/\",\"name\":\"CENER website\",\"description\":\"CONSTRUCCIONES EL\u00c9CTRICAS, CALIDAD Y EFICIENCIA ENERG\u00c9TICA, S.A. DE C.V.\",\"potentialAction\":[{\"@type\":\"SearchAction\",\"target\":{\"@type\":\"EntryPoint\",\"urlTemplate\":\"https:\/\/cener.com.mx\/webcener\/?s={search_term_string}\"},\"query-input\":\"required name=search_term_string\"}],\"inLanguage\":\"es\"}]}<\/script>\n<!-- \/ Yoast SEO plugin. -->","yoast_head_json":{"title":"PROTECCI\u00d3N CONTRA TORMENTAS EL\u00c9CTRICAS - CENER website","robots":{"index":"index","follow":"follow","max-snippet":"max-snippet:-1","max-image-preview":"max-image-preview:large","max-video-preview":"max-video-preview:-1"},"canonical":"https:\/\/cener.com.mx\/webcener\/proteccion-contra-tormentas-electricas\/","og_locale":"es_MX","og_type":"article","og_title":"PROTECCI\u00d3N CONTRA TORMENTAS EL\u00c9CTRICAS - CENER website","og_url":"https:\/\/cener.com.mx\/webcener\/proteccion-contra-tormentas-electricas\/","og_site_name":"CENER website","article_modified_time":"2024-09-13T23:56:21+00:00","twitter_card":"summary_large_image","twitter_misc":{"Tiempo de lectura":"2 minutos"},"schema":{"@context":"https:\/\/schema.org","@graph":[{"@type":"WebPage","@id":"https:\/\/cener.com.mx\/webcener\/proteccion-contra-tormentas-electricas\/","url":"https:\/\/cener.com.mx\/webcener\/proteccion-contra-tormentas-electricas\/","name":"PROTECCI\u00d3N CONTRA TORMENTAS EL\u00c9CTRICAS - CENER website","isPartOf":{"@id":"https:\/\/cener.com.mx\/webcener\/#website"},"datePublished":"2024-09-06T20:02:02+00:00","dateModified":"2024-09-13T23:56:21+00:00","breadcrumb":{"@id":"https:\/\/cener.com.mx\/webcener\/proteccion-contra-tormentas-electricas\/#breadcrumb"},"inLanguage":"es","potentialAction":[{"@type":"ReadAction","target":["https:\/\/cener.com.mx\/webcener\/proteccion-contra-tormentas-electricas\/"]}]},{"@type":"BreadcrumbList","@id":"https:\/\/cener.com.mx\/webcener\/proteccion-contra-tormentas-electricas\/#breadcrumb","itemListElement":[{"@type":"ListItem","position":1,"name":"Inicio","item":"https:\/\/cener.com.mx\/webcener\/"},{"@type":"ListItem","position":2,"name":"PROTECCI\u00d3N CONTRA TORMENTAS EL\u00c9CTRICAS"}]},{"@type":"WebSite","@id":"https:\/\/cener.com.mx\/webcener\/#website","url":"https:\/\/cener.com.mx\/webcener\/","name":"CENER website","description":"CONSTRUCCIONES EL\u00c9CTRICAS, CALIDAD Y EFICIENCIA ENERG\u00c9TICA, S.A. DE C.V.","potentialAction":[{"@type":"SearchAction","target":{"@type":"EntryPoint","urlTemplate":"https:\/\/cener.com.mx\/webcener\/?s={search_term_string}"},"query-input":"required name=search_term_string"}],"inLanguage":"es"}]}},"_links":{"self":[{"href":"https:\/\/cener.com.mx\/webcener\/wp-json\/wp\/v2\/pages\/2872","targetHints":{"allow":["GET"]}}],"collection":[{"href":"https:\/\/cener.com.mx\/webcener\/wp-json\/wp\/v2\/pages"}],"about":[{"href":"https:\/\/cener.com.mx\/webcener\/wp-json\/wp\/v2\/types\/page"}],"author":[{"embeddable":true,"href":"https:\/\/cener.com.mx\/webcener\/wp-json\/wp\/v2\/users\/4"}],"replies":[{"embeddable":true,"href":"https:\/\/cener.com.mx\/webcener\/wp-json\/wp\/v2\/comments?post=2872"}],"version-history":[{"count":12,"href":"https:\/\/cener.com.mx\/webcener\/wp-json\/wp\/v2\/pages\/2872\/revisions"}],"predecessor-version":[{"id":2892,"href":"https:\/\/cener.com.mx\/webcener\/wp-json\/wp\/v2\/pages\/2872\/revisions\/2892"}],"wp:attachment":[{"href":"https:\/\/cener.com.mx\/webcener\/wp-json\/wp\/v2\/media?parent=2872"}],"curies":[{"name":"wp","href":"https:\/\/api.w.org\/{rel}","templated":true}]}}